{"id":776,"date":"2022-05-20T09:48:24","date_gmt":"2022-05-20T07:48:24","guid":{"rendered":"https:\/\/primo.scuole.vda.it\/cours-alliance-ecole-entreprise-pour-le-developpement-des-competences-et-de-lorientation\/"},"modified":"2022-08-08T16:02:11","modified_gmt":"2022-08-08T14:02:11","slug":"cours-alliance-ecole-entreprise-pour-le-developpement-des-competences-et-de-lorientation","status":"publish","type":"page","link":"https:\/\/primo.scuole.vda.it\/fr\/cours-alliance-ecole-entreprise-pour-le-developpement-des-competences-et-de-lorientation\/","title":{"rendered":"Cours Alliance \u00c9cole\/Entreprise pour le d\u00e9veloppement des comp\u00e9tences et de l&rsquo;orientation"},"content":{"rendered":"<p>Collecte de mat\u00e9riel relatif au Cours : \u00ab Alliance \u00c9cole\/Entreprise pour le d\u00e9veloppement des comp\u00e9tences et de l&rsquo;orientation \u00bb qui s&rsquo;est tenue en f\u00e9vrier \u00e0 l\u2019institut Projet Formation sous la direction de Chiara Pizzorno.<\/p>\n","protected":false},"excerpt":{"rendered":"<p>Collecte de mat\u00e9riel relatif au Cours : \u00ab Alliance \u00c9cole\/Entreprise pour le d\u00e9veloppement des comp\u00e9tences et de l&rsquo;orientation \u00bb qui s&rsquo;est tenue en f\u00e9vrier \u00e0 l\u2019institut Projet Formation sous la direction de Chiara Pizzorno.<\/p>\n","protected":false},"author":1,"featured_media":0,"parent":0,"menu_order":0,"comment_status":"closed","ping_status":"closed","template":"page-nosidebar.php","meta":{"_acf_changed":false,"footnotes":""},"tags":[],"class_list":["post-776","page","type-page","status-publish","hentry"],"acf":[],"_links":{"self":[{"href":"https:\/\/primo.scuole.vda.it\/fr\/wp-json\/wp\/v2\/pages\/776","targetHints":{"allow":["GET"]}}],"collection":[{"href":"https:\/\/primo.scuole.vda.it\/fr\/wp-json\/wp\/v2\/pages"}],"about":[{"href":"https:\/\/primo.scuole.vda.it\/fr\/wp-json\/wp\/v2\/types\/page"}],"author":[{"embeddable":true,"href":"https:\/\/primo.scuole.vda.it\/fr\/wp-json\/wp\/v2\/users\/1"}],"replies":[{"embeddable":true,"href":"https:\/\/primo.scuole.vda.it\/fr\/wp-json\/wp\/v2\/comments?post=776"}],"version-history":[{"count":2,"href":"https:\/\/primo.scuole.vda.it\/fr\/wp-json\/wp\/v2\/pages\/776\/revisions"}],"predecessor-version":[{"id":879,"href":"https:\/\/primo.scuole.vda.it\/fr\/wp-json\/wp\/v2\/pages\/776\/revisions\/879"}],"wp:attachment":[{"href":"https:\/\/primo.scuole.vda.it\/fr\/wp-json\/wp\/v2\/media?parent=776"}],"wp:term":[{"taxonomy":"post_tag","embeddable":true,"href":"https:\/\/primo.scuole.vda.it\/fr\/wp-json\/wp\/v2\/tags?post=776"}],"curies":[{"name":"wp","href":"https:\/\/api.w.org\/{rel}","templated":true}]}}