{"id":772,"date":"2022-07-02T16:24:18","date_gmt":"2022-07-02T14:24:18","guid":{"rendered":"https:\/\/primo.scuole.vda.it\/ateliers-de-formation\/ateliers-de-musique\/"},"modified":"2022-07-02T16:24:18","modified_gmt":"2022-07-02T14:24:18","slug":"ateliers-de-musique","status":"publish","type":"page","link":"https:\/\/primo.scuole.vda.it\/fr\/ateliers-de-formation\/ateliers-de-musique\/","title":{"rendered":"Ateliers de musique"},"content":{"rendered":"<p>Cette page recueille des exp\u00e9riences r\u00e9alis\u00e9es dans des ateliers de musique.<\/p>\n<p>Pour chaque document, l\u2019auteur est indiqu\u00e9 et le contenu est bri\u00e8vement d\u00e9crit.<\/p>\n","protected":false},"excerpt":{"rendered":"<p>Cette page recueille des exp\u00e9riences r\u00e9alis\u00e9es dans des ateliers de musique.<\/p>\n","protected":false},"author":2,"featured_media":0,"parent":767,"menu_order":0,"comment_status":"closed","ping_status":"closed","template":"page-nosidebar.php","meta":{"_acf_changed":false,"footnotes":""},"tags":[],"class_list":["post-772","page","type-page","status-publish","hentry"],"acf":[],"_links":{"self":[{"href":"https:\/\/primo.scuole.vda.it\/fr\/wp-json\/wp\/v2\/pages\/772","targetHints":{"allow":["GET"]}}],"collection":[{"href":"https:\/\/primo.scuole.vda.it\/fr\/wp-json\/wp\/v2\/pages"}],"about":[{"href":"https:\/\/primo.scuole.vda.it\/fr\/wp-json\/wp\/v2\/types\/page"}],"author":[{"embeddable":true,"href":"https:\/\/primo.scuole.vda.it\/fr\/wp-json\/wp\/v2\/users\/2"}],"replies":[{"embeddable":true,"href":"https:\/\/primo.scuole.vda.it\/fr\/wp-json\/wp\/v2\/comments?post=772"}],"version-history":[{"count":0,"href":"https:\/\/primo.scuole.vda.it\/fr\/wp-json\/wp\/v2\/pages\/772\/revisions"}],"up":[{"embeddable":true,"href":"https:\/\/primo.scuole.vda.it\/fr\/wp-json\/wp\/v2\/pages\/767"}],"wp:attachment":[{"href":"https:\/\/primo.scuole.vda.it\/fr\/wp-json\/wp\/v2\/media?parent=772"}],"wp:term":[{"taxonomy":"post_tag","embeddable":true,"href":"https:\/\/primo.scuole.vda.it\/fr\/wp-json\/wp\/v2\/tags?post=772"}],"curies":[{"name":"wp","href":"https:\/\/api.w.org\/{rel}","templated":true}]}}