{"id":765,"date":"2022-07-02T11:25:43","date_gmt":"2022-07-02T09:25:43","guid":{"rendered":"https:\/\/primo.scuole.vda.it\/alternance-fpc\/realiser-et-surveiller-lalternance-fpc\/"},"modified":"2022-07-02T11:25:43","modified_gmt":"2022-07-02T09:25:43","slug":"realiser-et-surveiller-lalternance-fpc","status":"publish","type":"page","link":"https:\/\/primo.scuole.vda.it\/fr\/alternance-fpc\/realiser-et-surveiller-lalternance-fpc\/","title":{"rendered":"R\u00e9aliser et surveiller l&rsquo;Alternance\/FPC"},"content":{"rendered":"<p>Cette page pr\u00e9sente des outils pour la r\u00e9alisation de l&rsquo;alternance \u00e9cole\/entreprise (stages et FPC)<\/p>\n<p>Pour chaque document, l\u2019auteur est indiqu\u00e9 et le contenu est bri\u00e8vement d\u00e9crit.<\/p>\n","protected":false},"excerpt":{"rendered":"<p>Cette page pr\u00e9sente des outils pour la r\u00e9alisation de l&rsquo;alternance \u00e9cole\/entreprise (stages et FPC) Pour chaque document, l\u2019auteur est indiqu\u00e9 et le contenu est bri\u00e8vement d\u00e9crit.<\/p>\n","protected":false},"author":2,"featured_media":0,"parent":762,"menu_order":0,"comment_status":"closed","ping_status":"closed","template":"page-nosidebar.php","meta":{"_acf_changed":false,"footnotes":""},"tags":[],"class_list":["post-765","page","type-page","status-publish","hentry"],"acf":[],"_links":{"self":[{"href":"https:\/\/primo.scuole.vda.it\/fr\/wp-json\/wp\/v2\/pages\/765","targetHints":{"allow":["GET"]}}],"collection":[{"href":"https:\/\/primo.scuole.vda.it\/fr\/wp-json\/wp\/v2\/pages"}],"about":[{"href":"https:\/\/primo.scuole.vda.it\/fr\/wp-json\/wp\/v2\/types\/page"}],"author":[{"embeddable":true,"href":"https:\/\/primo.scuole.vda.it\/fr\/wp-json\/wp\/v2\/users\/2"}],"replies":[{"embeddable":true,"href":"https:\/\/primo.scuole.vda.it\/fr\/wp-json\/wp\/v2\/comments?post=765"}],"version-history":[{"count":0,"href":"https:\/\/primo.scuole.vda.it\/fr\/wp-json\/wp\/v2\/pages\/765\/revisions"}],"up":[{"embeddable":true,"href":"https:\/\/primo.scuole.vda.it\/fr\/wp-json\/wp\/v2\/pages\/762"}],"wp:attachment":[{"href":"https:\/\/primo.scuole.vda.it\/fr\/wp-json\/wp\/v2\/media?parent=765"}],"wp:term":[{"taxonomy":"post_tag","embeddable":true,"href":"https:\/\/primo.scuole.vda.it\/fr\/wp-json\/wp\/v2\/tags?post=765"}],"curies":[{"name":"wp","href":"https:\/\/api.w.org\/{rel}","templated":true}]}}