{"id":760,"date":"2022-07-07T11:23:17","date_gmt":"2022-07-07T09:23:17","guid":{"rendered":"https:\/\/primo.scuole.vda.it\/orientation\/orientation-pour-les-personnes-handicapees\/"},"modified":"2022-07-07T11:23:17","modified_gmt":"2022-07-07T09:23:17","slug":"orientation-pour-les-personnes-handicapees","status":"publish","type":"page","link":"https:\/\/primo.scuole.vda.it\/fr\/orientation\/orientation-pour-les-personnes-handicapees\/","title":{"rendered":"Orientation pour les personnes handicap\u00e9es"},"content":{"rendered":"<p>Cette section du portail est consacr\u00e9e aux projets d&rsquo;orientation pour les \u00e9l\u00e8ves handicap\u00e9s de l\u2019enseignement primaire et secondaire.<\/p>\n<p>Le mat\u00e9riel a \u00e9t\u00e9 pr\u00e9par\u00e9 par les \u00e9coles et les professeurs experts de la Surintendance des \u00e9coles de la Vall\u00e9e d\u2019Aoste et valid\u00e9 par les enseignants du domaine inclusion du Bureau du soutien \u00e0 l\u2019autonomie scolaire.<\/p>\n","protected":false},"excerpt":{"rendered":"<p>Cette section du portail est consacr\u00e9e aux projets d&rsquo;orientation pour les \u00e9l\u00e8ves handicap\u00e9s de l\u2019enseignement primaire et secondaire.<\/p>\n","protected":false},"author":2,"featured_media":0,"parent":750,"menu_order":0,"comment_status":"closed","ping_status":"closed","template":"page-nosidebar.php","meta":{"_acf_changed":false,"footnotes":""},"tags":[],"class_list":["post-760","page","type-page","status-publish","hentry"],"acf":[],"_links":{"self":[{"href":"https:\/\/primo.scuole.vda.it\/fr\/wp-json\/wp\/v2\/pages\/760","targetHints":{"allow":["GET"]}}],"collection":[{"href":"https:\/\/primo.scuole.vda.it\/fr\/wp-json\/wp\/v2\/pages"}],"about":[{"href":"https:\/\/primo.scuole.vda.it\/fr\/wp-json\/wp\/v2\/types\/page"}],"author":[{"embeddable":true,"href":"https:\/\/primo.scuole.vda.it\/fr\/wp-json\/wp\/v2\/users\/2"}],"replies":[{"embeddable":true,"href":"https:\/\/primo.scuole.vda.it\/fr\/wp-json\/wp\/v2\/comments?post=760"}],"version-history":[{"count":0,"href":"https:\/\/primo.scuole.vda.it\/fr\/wp-json\/wp\/v2\/pages\/760\/revisions"}],"up":[{"embeddable":true,"href":"https:\/\/primo.scuole.vda.it\/fr\/wp-json\/wp\/v2\/pages\/750"}],"wp:attachment":[{"href":"https:\/\/primo.scuole.vda.it\/fr\/wp-json\/wp\/v2\/media?parent=760"}],"wp:term":[{"taxonomy":"post_tag","embeddable":true,"href":"https:\/\/primo.scuole.vda.it\/fr\/wp-json\/wp\/v2\/tags?post=760"}],"curies":[{"name":"wp","href":"https:\/\/api.w.org\/{rel}","templated":true}]}}