{"id":759,"date":"2022-07-02T15:48:59","date_gmt":"2022-07-02T13:48:59","guid":{"rendered":"https:\/\/primo.scuole.vda.it\/orientation\/enseignement-dorientation-lycee\/"},"modified":"2022-07-02T15:48:59","modified_gmt":"2022-07-02T13:48:59","slug":"enseignement-dorientation-lycee","status":"publish","type":"page","link":"https:\/\/primo.scuole.vda.it\/fr\/orientation\/enseignement-dorientation-lycee\/","title":{"rendered":"Enseignement d&rsquo;orientation lyc\u00e9e"},"content":{"rendered":"<p>Cette page rassemble les bonnes pratiques (outils et proc\u00e9dures) en mati\u00e8re d&rsquo;\u00e9ducation \u00e0 l&rsquo;orientation dans le lyc\u00e9e.<\/p>\n<p>Pour chaque document, l\u2019auteur est indiqu\u00e9 et le contenu est bri\u00e8vement d\u00e9crit.<\/p>\n","protected":false},"excerpt":{"rendered":"<p>Cette page rassemble les bonnes pratiques (outils et proc\u00e9dures) en mati\u00e8re d&rsquo;\u00e9ducation \u00e0 l&rsquo;orientation dans le lyc\u00e9e.<\/p>\n","protected":false},"author":2,"featured_media":0,"parent":750,"menu_order":0,"comment_status":"closed","ping_status":"closed","template":"page-nosidebar.php","meta":{"_acf_changed":false,"footnotes":""},"tags":[],"class_list":["post-759","page","type-page","status-publish","hentry"],"acf":[],"_links":{"self":[{"href":"https:\/\/primo.scuole.vda.it\/fr\/wp-json\/wp\/v2\/pages\/759","targetHints":{"allow":["GET"]}}],"collection":[{"href":"https:\/\/primo.scuole.vda.it\/fr\/wp-json\/wp\/v2\/pages"}],"about":[{"href":"https:\/\/primo.scuole.vda.it\/fr\/wp-json\/wp\/v2\/types\/page"}],"author":[{"embeddable":true,"href":"https:\/\/primo.scuole.vda.it\/fr\/wp-json\/wp\/v2\/users\/2"}],"replies":[{"embeddable":true,"href":"https:\/\/primo.scuole.vda.it\/fr\/wp-json\/wp\/v2\/comments?post=759"}],"version-history":[{"count":0,"href":"https:\/\/primo.scuole.vda.it\/fr\/wp-json\/wp\/v2\/pages\/759\/revisions"}],"up":[{"embeddable":true,"href":"https:\/\/primo.scuole.vda.it\/fr\/wp-json\/wp\/v2\/pages\/750"}],"wp:attachment":[{"href":"https:\/\/primo.scuole.vda.it\/fr\/wp-json\/wp\/v2\/media?parent=759"}],"wp:term":[{"taxonomy":"post_tag","embeddable":true,"href":"https:\/\/primo.scuole.vda.it\/fr\/wp-json\/wp\/v2\/tags?post=759"}],"curies":[{"name":"wp","href":"https:\/\/api.w.org\/{rel}","templated":true}]}}