{"id":756,"date":"2022-07-02T15:42:02","date_gmt":"2022-07-02T13:42:02","guid":{"rendered":"https:\/\/primo.scuole.vda.it\/orientation\/informazione-orientativa\/"},"modified":"2022-07-21T14:11:29","modified_gmt":"2022-07-21T12:11:29","slug":"information-dorientation","status":"publish","type":"page","link":"https:\/\/primo.scuole.vda.it\/fr\/orientation\/information-dorientation\/","title":{"rendered":"Information d&rsquo;orientation"},"content":{"rendered":"<p>Cette page rassemble des outils et du mat\u00e9riel pour r\u00e9aliser l\u2019information d&rsquo;orientation destin\u00e9e aux \u00e9l\u00e8ves de l\u2019enseignement secondaire.<\/p>\n<p>Pour chaque document, l\u2019auteur est indiqu\u00e9 et le contenu est bri\u00e8vement d\u00e9crit.<\/p>\n","protected":false},"excerpt":{"rendered":"<p>Cette page rassemble des outils et du mat\u00e9riel pour r\u00e9aliser l\u2019information d&rsquo;orientation destin\u00e9e aux \u00e9l\u00e8ves de l\u2019enseignement secondaire.<\/p>\n","protected":false},"author":2,"featured_media":0,"parent":750,"menu_order":0,"comment_status":"closed","ping_status":"closed","template":"page-nosidebar.php","meta":{"_acf_changed":false,"footnotes":""},"tags":[],"class_list":["post-756","page","type-page","status-publish","hentry"],"acf":[],"_links":{"self":[{"href":"https:\/\/primo.scuole.vda.it\/fr\/wp-json\/wp\/v2\/pages\/756","targetHints":{"allow":["GET"]}}],"collection":[{"href":"https:\/\/primo.scuole.vda.it\/fr\/wp-json\/wp\/v2\/pages"}],"about":[{"href":"https:\/\/primo.scuole.vda.it\/fr\/wp-json\/wp\/v2\/types\/page"}],"author":[{"embeddable":true,"href":"https:\/\/primo.scuole.vda.it\/fr\/wp-json\/wp\/v2\/users\/2"}],"replies":[{"embeddable":true,"href":"https:\/\/primo.scuole.vda.it\/fr\/wp-json\/wp\/v2\/comments?post=756"}],"version-history":[{"count":1,"href":"https:\/\/primo.scuole.vda.it\/fr\/wp-json\/wp\/v2\/pages\/756\/revisions"}],"predecessor-version":[{"id":757,"href":"https:\/\/primo.scuole.vda.it\/fr\/wp-json\/wp\/v2\/pages\/756\/revisions\/757"}],"up":[{"embeddable":true,"href":"https:\/\/primo.scuole.vda.it\/fr\/wp-json\/wp\/v2\/pages\/750"}],"wp:attachment":[{"href":"https:\/\/primo.scuole.vda.it\/fr\/wp-json\/wp\/v2\/media?parent=756"}],"wp:term":[{"taxonomy":"post_tag","embeddable":true,"href":"https:\/\/primo.scuole.vda.it\/fr\/wp-json\/wp\/v2\/tags?post=756"}],"curies":[{"name":"wp","href":"https:\/\/api.w.org\/{rel}","templated":true}]}}