{"id":748,"date":"2022-05-19T16:10:39","date_gmt":"2022-05-19T14:10:39","guid":{"rendered":"https:\/\/primo.scuole.vda.it\/il-piano-della-comunicazione\/"},"modified":"2022-07-21T13:55:14","modified_gmt":"2022-07-21T11:55:14","slug":"le-plan-de-communication","status":"publish","type":"page","link":"https:\/\/primo.scuole.vda.it\/fr\/le-plan-de-communication\/","title":{"rendered":"Le plan de communication"},"content":{"rendered":"<p>Il est pr\u00e9vu d&rsquo;\u00e9laborer un Plan de communication pour d\u00e9finir, planifier et g\u00e9rer conjointement et de mani\u00e8re partag\u00e9e les actions de communication entre tous les partenaires afin d&rsquo;atteindre les objectifs strat\u00e9giques du projet.\u00a0L\u2019activit\u00e9 est divis\u00e9e en\u00a0:<\/p>\n<ul>\n<li>Plan de communication et r\u00e9alisation d&rsquo;un profil graphique commun (logo, diapositives, papier \u00e0 en-t\u00eate, etc.) ;<\/li>\n<li>Communication num\u00e9rique (YouTube, r\u00e9seaux sociaux) et Docufiction\u00a0sur PRIMO en vue de la diffusion au grand public des r\u00e9sultats sur le d\u00e9crochage.<\/li>\n<\/ul>\n<p>Dans les deux territoires (Vall\u00e9e d\u2019Aoste et Provence-Alpes-C\u00f4te d\u2019Azur) la communication du projet est v\u00e9hicul\u00e9e et supervis\u00e9e par les Bureaux de Presse institutionnels. 3 \u00e9v\u00e9nements finaux sont pr\u00e9vus\u00a0: 2 pour les \u00e9coles et les \u00e9tudiants sur leurs territoires respectifs et 1 conf\u00e9rence scientifique \u00e0 Nice.<\/p>\n","protected":false},"excerpt":{"rendered":"<p>Il est pr\u00e9vu d&rsquo;\u00e9laborer un Plan de communication pour d\u00e9finir, planifier et g\u00e9rer conjointement et de mani\u00e8re partag\u00e9e les actions de communication entre tous les partenaires afin d&rsquo;atteindre les objectifs strat\u00e9giques du projet.<\/p>\n","protected":false},"author":1,"featured_media":0,"parent":0,"menu_order":0,"comment_status":"closed","ping_status":"closed","template":"page-nosidebar.php","meta":{"_acf_changed":false,"footnotes":""},"tags":[],"class_list":["post-748","page","type-page","status-publish","hentry"],"acf":[],"_links":{"self":[{"href":"https:\/\/primo.scuole.vda.it\/fr\/wp-json\/wp\/v2\/pages\/748","targetHints":{"allow":["GET"]}}],"collection":[{"href":"https:\/\/primo.scuole.vda.it\/fr\/wp-json\/wp\/v2\/pages"}],"about":[{"href":"https:\/\/primo.scuole.vda.it\/fr\/wp-json\/wp\/v2\/types\/page"}],"author":[{"embeddable":true,"href":"https:\/\/primo.scuole.vda.it\/fr\/wp-json\/wp\/v2\/users\/1"}],"replies":[{"embeddable":true,"href":"https:\/\/primo.scuole.vda.it\/fr\/wp-json\/wp\/v2\/comments?post=748"}],"version-history":[{"count":1,"href":"https:\/\/primo.scuole.vda.it\/fr\/wp-json\/wp\/v2\/pages\/748\/revisions"}],"predecessor-version":[{"id":749,"href":"https:\/\/primo.scuole.vda.it\/fr\/wp-json\/wp\/v2\/pages\/748\/revisions\/749"}],"wp:attachment":[{"href":"https:\/\/primo.scuole.vda.it\/fr\/wp-json\/wp\/v2\/media?parent=748"}],"wp:term":[{"taxonomy":"post_tag","embeddable":true,"href":"https:\/\/primo.scuole.vda.it\/fr\/wp-json\/wp\/v2\/tags?post=748"}],"curies":[{"name":"wp","href":"https:\/\/api.w.org\/{rel}","templated":true}]}}